{"id":8128,"date":"2014-11-19T14:29:27","date_gmt":"2014-11-19T12:29:27","guid":{"rendered":"http:\/\/www.heimspiele.info\/HP\/?page_id=8128"},"modified":"2025-02-19T16:35:49","modified_gmt":"2025-02-19T14:35:49","slug":"ausgepackt","status":"publish","type":"page","link":"https:\/\/www.heimspiele.info\/?page_id=8128","title":{"rendered":"Ausgepackt!"},"content":{"rendered":"<p>In dieser Rubrik m\u00f6chten wir nur einen schnellen \u00dcberblick \u00fcber neue Spiele geben, d.h. es wird ausgepackt und das Material sowie dessen Verpackung &#038; Qualit\u00e4t kurz kontrolliert. Dazu gibt es Fotos und einen kleinen Eindruck in Textform &#8211; detailliertere Fotos finden sich dann in der jeweiligen Rezension zum Spiel.<br \/>\n<em>Oftmals m\u00f6chte man ja nur eben mal reingucken k\u00f6nnen, oder sicher gehen, dass das Spiel nicht nur au\u00dfen &#8222;hui&#8220; ist (und innen &#8222;pfui&#8220;) und kleine Tipps bei mancher Entp\u00f6pplungsaktion k\u00f6nnen auch versehentlich entsorgte Pappteile verhindern *G*. Ausserdem werden auch mal Stichprobenz\u00e4hlungen vorgenommen, ob die Materialzahl auch stimmt.<\/em><\/p>\n<p><u><strong>Die Liste:<\/strong><\/u><\/p>\n<p><strong>[#]<\/strong><br \/>\n<a href=\"http:\/\/www.heimspiele.info\/HP\/?p=14307\">504<\/a><br \/>\n<a href=\"http:\/\/www.heimspiele.info\/HP\/?p=8178\" target=\"_blank\" rel=\"noopener noreferrer\">5 Minutes<\/a><br \/>\n<a href=\"http:\/\/www.heimspiele.info\/HP\/?p=9269\">7 Wonders: Babel<\/a><br \/>\n<a href=\"http:\/\/www.heimspiele.info\/HP\/?p=25006\">18CZ<\/a><br \/>\n<a href=\"http:\/\/www.heimspiele.info\/HP\/?p=25171\">21 Days<\/a><\/p>\n<p><strong>[A]<\/strong><br \/>\n<a href=\"http:\/\/www.heimspiele.info\/HP\/?p=10804\">Abyss<\/a><br \/>\n<a href=\"http:\/\/www.heimspiele.info\/HP\/?p=21994\">Adrenaline<\/a><br \/>\n<a href=\"https:\/\/www.heimspiele.info\/HP\/?p=32626\">Age of Innovation<\/a><br \/>\n<a href=\"http:\/\/www.heimspiele.info\/HP\/?p=10659\">Air-Football<\/a><br \/>\n<a href=\"http:\/\/www.heimspiele.info\/HP\/?p=25678\">Alexandria<\/a><br \/>\n<a href=\"http:\/\/www.heimspiele.info\/HP\/?p=26925\">Alone (KS Edition)<\/a><br \/>\n<a href=\"http:\/\/www.heimspiele.info\/HP\/?p=23103\">Anachrony<\/a><br \/>\n<a href=\"http:\/\/www.heimspiele.info\/HP\/?p=14325\">Andromeda<\/a><br \/>\n<a href=\"https:\/\/www.heimspiele.info\/HP\/?p=31674\">Angel Fury<\/a><br \/>\n<a href=\"http:\/\/www.heimspiele.info\/HP\/?p=14752\">Apocalypse Chaos<\/a><br \/>\n<a href=\"http:\/\/www.heimspiele.info\/HP\/?p=11522\">Arcadia Quest<\/a><br \/>\n<a href=\"https:\/\/www.heimspiele.info\/HP\/?p=38485\">Arydia: The Paths We Dare Tread<\/a><br \/>\n<a href=\"http:\/\/www.heimspiele.info\/HP\/?p=19200\">Aufbruch zum roten Planeten<\/a><br \/>\n<a href=\"http:\/\/www.heimspiele.info\/HP\/?p=21608\">Aurimentic<\/a><br \/>\n<a href=\"http:\/\/www.heimspiele.info\/HP\/?p=14546\">Automania<\/a><br \/>\n<a href=\"http:\/\/www.heimspiele.info\/HP\/?p=14914\">Automobiles<\/a><br \/>\n<a href=\"http:\/\/www.heimspiele.info\/HP\/?p=14049\">Avarium Academy<\/a><br \/>\n<a href=\"http:\/\/www.heimspiele.info\/HP\/?p=20076\">Aventuria &#8211; Das Abenteuerkartenspiel<\/a><\/p>\n<p><strong>[B]<\/strong><br \/>\n<a href=\"http:\/\/www.heimspiele.info\/HP\/?p=25335\">B\u00e4renpark<\/a><br \/>\n<a href=\"http:\/\/www.heimspiele.info\/HP\/?p=13955\">Bastion<\/a><br \/>\n<a href=\"http:\/\/www.heimspiele.info\/HP\/?p=17455\">Battalia<\/a><br \/>\n<a href=\"http:\/\/www.heimspiele.info\/HP\/?p=14506\">Between two Cities<\/a><br \/>\n<a href=\"http:\/\/www.heimspiele.info\/HP\/?p=10808\">Black Fleet<\/a><br \/>\n<a href=\"http:\/\/www.heimspiele.info\/HP\/?p=8673\">Blizz Quizz<\/a><br \/>\n<a href=\"http:\/\/www.heimspiele.info\/HP\/?p=21244\">Bloodsuckers<\/a><br \/>\n<a href=\"http:\/\/www.heimspiele.info\/HP\/?p=20971\">Builders of Blankenburg<\/a><\/p>\n<p><strong>[C]<\/strong><br \/>\n<a href=\"http:\/\/www.heimspiele.info\/HP\/?p=10371\">Cacao<\/a><br \/>\n<a href=\"http:\/\/www.heimspiele.info\/HP\/?p=8172\">Carnac<\/a><br \/>\n<a href=\"http:\/\/www.heimspiele.info\/HP\/?p=23010\">Cavern Tavern<\/a><br \/>\n<a href=\"http:\/\/www.heimspiele.info\/HP\/?p=22153\">Caverna &#8211; Die H\u00f6hlenbauern<\/a><br \/>\n<a href=\"http:\/\/www.heimspiele.info\/HP\/?p=20980\">Centauri Saga<\/a><br \/>\n<a href=\"http:\/\/www.heimspiele.info\/HP\/?p=9273\">Chaos &#038; Alchemy<\/a><br \/>\n<a href=\"http:\/\/www.heimspiele.info\/HP\/?p=17668\">Chaosmos<\/a><br \/>\n<a href=\"http:\/\/www.heimspiele.info\/HP\/?p=26125\">Charterstone<\/a><br \/>\n<a href=\"http:\/\/www.heimspiele.info\/HP\/?p=8755\">Ciub<\/a><br \/>\n<a href=\"http:\/\/www.heimspiele.info\/HP\/?p=14460\">Clacks: A Discworld Boardgame<\/a><br \/>\n<a href=\"http:\/\/www.heimspiele.info\/HP\/?p=22660\">CLANK!<\/a><br \/>\n<a href=\"https:\/\/www.heimspiele.info\/HP\/?p=33815\">Clash of Galliforms<\/a><br \/>\n<a href=\"http:\/\/www.heimspiele.info\/HP\/?p=17048\">Clockwork Wars + Expansion<\/a><br \/>\n<a href=\"http:\/\/www.heimspiele.info\/HP\/?p=10092\">Cluedo &#8211; The Big Bang Theory Edition<\/a><br \/>\n<a href=\"http:\/\/www.heimspiele.info\/HP\/?p=28477\">Coloma<\/a><br \/>\n<a href=\"http:\/\/www.heimspiele.info\/HP\/?p=11500\">Colt Express<\/a><br \/>\n<a href=\"http:\/\/www.heimspiele.info\/HP\/?p=28143\">Core Space<\/a><br \/>\n<a href=\"http:\/\/www.heimspiele.info\/HP\/?p=14046\">Council of Four<\/a><br \/>\n<a href=\"http:\/\/www.heimspiele.info\/HP\/?p=8768\">Crash Cup Karambolage<\/a><br \/>\n<a href=\"http:\/\/www.heimspiele.info\/HP\/?p=9541\">Crazy Office<\/a><br \/>\n<a href=\"http:\/\/www.heimspiele.info\/HP\/?p=25193\">Cutthroat Kingdoms<\/a><\/p>\n<p><strong>[D]<\/strong><br \/>\n<a href=\"http:\/\/www.heimspiele.info\/HP\/?p=10655\">Da Luigi<\/a><br \/>\n<a href=\"http:\/\/www.heimspiele.info\/HP\/?p=21427\">Da Yunhe<\/a><br \/>\n<a href=\"http:\/\/www.heimspiele.info\/HP\/?p=20006\">Das Grimoire des Wahnsinns<\/a><br \/>\n<a href=\"http:\/\/www.heimspiele.info\/HP\/?p=26121\">Das tiefe Land<\/a><br \/>\n<a href=\"http:\/\/www.heimspiele.info\/HP\/?p=28103\">Dead Throne<\/a><br \/>\n<a href=\"http:\/\/www.heimspiele.info\/HP\/?p=21799\">Der Herr des Eisgartens<\/a><br \/>\n<a href=\"http:\/\/www.heimspiele.info\/HP\/?p=22298\">Der mysteri\u00f6se Wald<\/a><br \/>\n<a href=\"http:\/\/www.heimspiele.info\/HP\/?p=26586\">Destiny Aurora: Renegades<\/a><br \/>\n<a href=\"http:\/\/www.heimspiele.info\/HP\/?p=8730\">Deus<\/a><br \/>\n<a href=\"http:\/\/www.heimspiele.info\/HP\/?p=14316\">Dice City<\/a><br \/>\n<a href=\"http:\/\/www.heimspiele.info\/HP\/?p=22013\">Die Baumeister des Colosseum<\/a><br \/>\n<a href=\"http:\/\/www.heimspiele.info\/HP\/?p=22134\">Die Kolonisten<\/a><br \/>\n<a href=\"http:\/\/www.heimspiele.info\/HP\/?p=21470\">Die Legenden von Andor &#8211; Die letzte Hoffnung<\/a><br \/>\n<a href=\"http:\/\/www.heimspiele.info\/HP\/?p=14406\">Die Piraten der sieben Weltmeere<\/a><br \/>\n<a href=\"http:\/\/www.heimspiele.info\/HP\/?p=25980\">Die Quacksalber von Quedlinburg<\/a><br \/>\n<a href=\"http:\/\/www.heimspiele.info\/HP\/?p=17584\">Doctor Panic<\/a><br \/>\n<a href=\"http:\/\/www.heimspiele.info\/HP\/?p=17574\">Dogs of War<\/a><br \/>\n<a href=\"http:\/\/www.heimspiele.info\/HP\/?p=14313\">Dojo Kun<\/a><br \/>\n<a href=\"http:\/\/www.heimspiele.info\/HP\/?p=13677\">Domus Domini<\/a><br \/>\n<a href=\"http:\/\/www.heimspiele.info\/HP\/?p=10424\">Drachenhort<\/a><br \/>\n<a href=\"http:\/\/www.heimspiele.info\/HP\/?p=14755\">DRCongo<\/a><\/p>\n<p><strong>[E]<\/strong><br \/>\n<a href=\"http:\/\/www.heimspiele.info\/HP\/?p=22793\">Ein Fest f\u00fcr Odin<\/a><br \/>\n<a href=\"http:\/\/www.heimspiele.info\/HP\/?p=17138\">ek\u00f6<\/a><br \/>\n<a href=\"http:\/\/www.heimspiele.info\/HP\/?p=8401\">El Gaucho<\/a><br \/>\n<a href=\"http:\/\/www.heimspiele.info\/HP\/?p=11448\">Elysium<\/a><br \/>\n<a href=\"http:\/\/www.heimspiele.info\/HP\/?p=8131\">Euphoria<\/a><br \/>\n<a href=\"http:\/\/www.heimspiele.info\/HP\/?p=14224\">Exodus &#8211; Edge of Extinction<\/a><br \/>\n<a href=\"https:\/\/www.heimspiele.info\/HP\/?p=32607\">Expeditions<\/a><\/p>\n<p><strong>[F]<\/strong><br \/>\n<a href=\"http:\/\/www.heimspiele.info\/HP\/?p=22690\">Fallen Angel<\/a><br \/>\n<a href=\"http:\/\/www.heimspiele.info\/HP\/?p=25225\">Feudalia<\/a><br \/>\n<a href=\"http:\/\/www.heimspiele.info\/HP\/?p=26209\">Feudum<\/a><br \/>\n<a href=\"http:\/\/www.heimspiele.info\/HP\/?p=17291\">Fireteam ZERO<\/a><br \/>\n<a href=\"http:\/\/www.heimspiele.info\/HP\/?p=13960\">Five Seals of Magic<\/a><br \/>\n<a href=\"http:\/\/www.heimspiele.info\/HP\/?p=8966\">Five Tribes<\/a><br \/>\n<a href=\"http:\/\/www.heimspiele.info\/HP\/?p=22022\">First Class<\/a><br \/>\n<a href=\"http:\/\/www.heimspiele.info\/HP\/?p=21001\">Frontier Stations<\/a><br \/>\n<a href=\"http:\/\/www.heimspiele.info\/HP\/?p=26920\">Futuropia<\/a><\/p>\n<p><strong>[G]<\/strong><br \/>\n<a href=\"http:\/\/www.heimspiele.info\/HP\/?p=11511\">Gaia<\/a><br \/>\n<a href=\"http:\/\/www.heimspiele.info\/HP\/?p=25252\">Gaia Project<\/a><br \/>\n<a href=\"https:\/\/www.heimspiele.info\/HP\/?p=32558\">Galactic Era<\/a><br \/>\n<a href=\"http:\/\/www.heimspiele.info\/HP\/?p=8784\">Glibber Gebibber<\/a><br \/>\n<a href=\"http:\/\/www.heimspiele.info\/HP\/?p=25012\">GraviTrax Starter-Set<\/a><br \/>\n<a href=\"http:\/\/www.heimspiele.info\/HP\/?p=14911\">Gum Gum Machine<\/a><\/p>\n<p><strong>[H]<\/strong><br \/>\n<a href=\"http:\/\/www.heimspiele.info\/HP\/?p=12839\">Halo: Fleet Battles, The Fall of Reach<\/a><br \/>\n<a href=\"http:\/\/www.heimspiele.info\/HP\/?p=13435\">Heroes<\/a><br \/>\n<a href=\"https:\/\/www.heimspiele.info\/HP\/?p=30923\">HeroQuest<\/a><br \/>\n<a href=\"http:\/\/www.heimspiele.info\/HP\/?p=20657\">Hoftheater<\/a><br \/>\n<a href=\"http:\/\/www.heimspiele.info\/HP\/?p=10060\">Holterdipolter<\/a><br \/>\n<a href=\"http:\/\/www.heimspiele.info\/HP\/?p=20073\">Homeland &#8211; Das Brettspiel<\/a><br \/>\n<a href=\"http:\/\/www.heimspiele.info\/HP\/?p=8974\">Hyperborea<\/a><\/p>\n<p><strong>[I]<\/strong><br \/>\n<a href=\"https:\/\/www.heimspiele.info\/HP\/?p=33444\">I.D.E.A. \u2013 Improbable Dungeons Eccentric Adventures (Prototyp)<\/a><br \/>\n<a href=\"https:\/\/www.heimspiele.info\/HP\/?p=31411\">Iki<\/a><br \/>\n<a href=\"http:\/\/www.heimspiele.info\/HP\/?p=14810\" target=\"_blank\" rel=\"noopener noreferrer\">Inhabit the Earth<\/a><br \/>\n<a href=\"http:\/\/www.heimspiele.info\/HP\/?p=13348\">Isle of Skye<\/a><\/p>\n<p><strong>[J]<\/strong><br \/>\n<a href=\"http:\/\/www.heimspiele.info\/HP\/?p=28413\">Jagged Alliance &#8211; The Boardgame<\/a><\/p>\n<p><strong>[K]<\/strong><br \/>\n<a href=\"http:\/\/www.heimspiele.info\/HP\/?p=21801\">Key to the City: London<\/a><br \/>\n<a href=\"http:\/\/www.heimspiele.info\/HP\/?p=8143\">Keyflower<\/a><br \/>\n<a href=\"http:\/\/www.heimspiele.info\/HP\/?p=9536\">Keyflower &#8211; The Merchants<\/a><br \/>\n<a href=\"http:\/\/www.heimspiele.info\/HP\/?p=13788\">The King&#8217;s Armory<\/a><br \/>\n<a href=\"http:\/\/www.heimspiele.info\/HP\/?p=10657\">Kn\u00e4tsel?!<\/a><br \/>\n<a href=\"http:\/\/www.heimspiele.info\/HP\/?p=21246\">Kneipenquiz &#8211; das Original<\/a><br \/>\n<a href=\"http:\/\/www.heimspiele.info\/HP\/?p=11135\">Kolejka<\/a><br \/>\n<a href=\"http:\/\/www.heimspiele.info\/HP\/?p=8634\">Krawall im H\u00fchnerstall<\/a><br \/>\n<a href=\"http:\/\/www.heimspiele.info\/HP\/?p=14535\">Kumo &#8211; Hogosha<\/a><br \/>\n<a href=\"http:\/\/www.heimspiele.info\/HP\/?p=8166\">Kwando<\/a><\/p>\n<p><strong>[L]<\/strong><br \/>\n<a href=\"http:\/\/www.heimspiele.info\/HP\/?p=24640\">Labyrinth &#8211; Paths of Destiny<\/a><br \/>\n<a href=\"https:\/\/www.heimspiele.info\/HP\/?p=31274\">Libertalia &#8211; Auf den Winden von Galecrest<\/a><br \/>\n<a href=\"http:\/\/www.heimspiele.info\/HP\/?p=10800\">Loony Quest<\/a><br \/>\n<a href=\"http:\/\/www.heimspiele.info\/HP\/?p=8946\">Lords of Xidit<\/a><br \/>\n<a href=\"http:\/\/www.heimspiele.info\/HP\/?p=8670\">Lost Legends<\/a><\/p>\n<p><strong>[M]<\/strong><br \/>\n<a href=\"http:\/\/www.heimspiele.info\/HP\/?p=8169\">Mad Hedz &#8222;Brain Biter&#8220;<\/a><br \/>\n<a href=\"http:\/\/www.heimspiele.info\/HP\/?p=11988\">Mage Wars Arena (2015)<\/a><br \/>\n<a href=\"http:\/\/www.heimspiele.info\/HP\/?p=11991\">Mage Wars Arena: Forcemaster vs. Warlord (2015)<\/a><br \/>\n<a href=\"http:\/\/www.heimspiele.info\/HP\/?p=14319\">Magic the Gathering: Arena of the Planeswalkers<\/a><br \/>\n<a href=\"http:\/\/www.heimspiele.info\/HP\/?p=21515\">Mechs vs. Minions<\/a><br \/>\n<a href=\"http:\/\/www.heimspiele.info\/HP\/?p=24731\">Medical Frontier<\/a><br \/>\n<a href=\"http:\/\/www.heimspiele.info\/HP\/?p=21704\">Meduris<\/a><br \/>\n<a href=\"http:\/\/www.heimspiele.info\/HP\/?p=17665\">Mega Man &#8211; The Boardgame<\/a><br \/>\n<a href=\"http:\/\/www.heimspiele.info\/HP\/?p=8741\">Might &#038; Magic Heroes &#8211; Das Brettspiel<\/a><br \/>\n<a href=\"http:\/\/www.heimspiele.info\/HP\/?p=10082\">Miss Lupun<\/a><br \/>\n<a href=\"http:\/\/www.heimspiele.info\/HP\/?p=8183\">Mit Mist und T\u00fccke<\/a><br \/>\n<a href=\"http:\/\/www.heimspiele.info\/HP\/?p=15501\">Monopoly Game of Thrones Collector&#8217;s Edition<\/a><br \/>\n<a href=\"http:\/\/www.heimspiele.info\/HP\/?p=8217\">Monopoly Transformers<\/a><br \/>\n<a href=\"http:\/\/www.heimspiele.info\/HP\/?p=8175\">Monster Brunch<\/a><br \/>\n<a href=\"http:\/\/www.heimspiele.info\/HP\/?p=8786\">Monsterw\u00e4sche<\/a><br \/>\n<a href=\"http:\/\/www.heimspiele.info\/HP\/?p=8677\">Mops Royal<\/a><br \/>\n<a href=\"http:\/\/www.heimspiele.info\/HP\/?p=14221\">Mysterium<\/a><\/p>\n<p><strong>[N]<\/strong><br \/>\n<a href=\"http:\/\/www.heimspiele.info\/HP\/?p=21385\">Naruto Shippuden &#8211; The Boardgame<\/a><br \/>\n<a href=\"http:\/\/www.heimspiele.info\/HP\/?p=11514\">Nations<\/a><br \/>\n<a href=\"https:\/\/www.heimspiele.info\/HP\/?p=30433\">Nemesis<\/a><br \/>\n<a href=\"http:\/\/www.heimspiele.info\/HP\/?p=11305\">New York 1901<\/a><br \/>\n<a href=\"http:\/\/www.heimspiele.info\/HP\/?p=20301\">Ninja Arena<\/a><br \/>\n<a href=\"http:\/\/www.heimspiele.info\/HP\/?p=17582\">Nippon<\/a><br \/>\n<a href=\"http:\/\/www.heimspiele.info\/HP\/?p=14742\">Nothing Personal (+ Erw.)<\/a><br \/>\n<a href=\"http:\/\/www.heimspiele.info\/HP\/?p=25348\">Nusfjord<\/a><\/p>\n<p><strong>[O]<\/strong><br \/>\n<a href=\"http:\/\/www.heimspiele.info\/HP\/?p=22309\">Oceanos<\/a><br \/>\n<a href=\"http:\/\/www.heimspiele.info\/HP\/?p=25176\">Outlive<\/a><\/p>\n<p><strong>[P]<\/strong><br \/>\n<a href=\"http:\/\/www.heimspiele.info\/HP\/?p=20645\">Pandemie &#8211; Die Heilung<\/a><br \/>\n<a href=\"http:\/\/www.heimspiele.info\/HP\/?p=14234\">Pandemie &#8211; Die Seuche<\/a><br \/>\n<a href=\"http:\/\/www.heimspiele.info\/HP\/?p=9520\">Pints of Blood<\/a><br \/>\n<a href=\"http:\/\/www.heimspiele.info\/HP\/?p=14480\">Piratoons<\/a><br \/>\n<a href=\"http:\/\/www.heimspiele.info\/HP\/?p=14747\">Poseidon&#8217;s Kingdom<\/a><br \/>\n<a href=\"http:\/\/www.heimspiele.info\/HP\/?p=13988\">Post Human<\/a><br \/>\n<a href=\"http:\/\/www.heimspiele.info\/HP\/?p=14766\">Potion Explosion<\/a><br \/>\n<a href=\"http:\/\/www.heimspiele.info\/HP\/?p=14227\">Prime Time<\/a><br \/>\n<a href=\"http:\/\/www.heimspiele.info\/HP\/?p=14462\">Project: ELITE<\/a><\/p>\n<p><strong>[Q]<\/strong><br \/>\n<a href=\"http:\/\/www.heimspiele.info\/HP\/?p=17578\">Qaudropolis<\/a><\/p>\n<p><strong>[R]<\/strong><br \/>\n<a href=\"http:\/\/www.heimspiele.info\/HP\/?p=25976\">Race to the New Found Land<\/a><br \/>\n<a href=\"http:\/\/www.heimspiele.info\/HP\/?p=8148\">Racoon<\/a><br \/>\n<a href=\"http:\/\/www.heimspiele.info\/HP\/?p=14304\">Raid &#038; Trade<\/a><br \/>\n<a href=\"http:\/\/www.heimspiele.info\/HP\/?p=10415\">Ratzeputz<\/a><br \/>\n<a href=\"http:\/\/www.heimspiele.info\/HP\/?p=30204\">Red Rising (Collectors Edition)<\/a><br \/>\n<a href=\"http:\/\/www.heimspiele.info\/HP\/?p=14010\">Rise of the Kage<\/a><br \/>\n<a href=\"http:\/\/www.heimspiele.info\/HP\/?p=15698\">Risiko Game of Thrones (Limited Edition)<\/a><br \/>\n<a href=\"http:\/\/www.heimspiele.info\/HP\/?p=11338\">Risiko Halo Legendary Edition<\/a><br \/>\n<a href=\"http:\/\/www.heimspiele.info\/HP\/?p=15410\">Risiko Star Wars (Hasbro)<\/a><br \/>\n<a href=\"http:\/\/www.heimspiele.info\/HP\/?p=10068\">Risiko Transformers<\/a><br \/>\n<a href=\"http:\/\/www.heimspiele.info\/HP\/?p=8205\">Risiko The Walking Dead<\/a><br \/>\n<a href=\"http:\/\/www.heimspiele.info\/HP\/?p=25344\">Riverboat<\/a><br \/>\n<a href=\"http:\/\/www.heimspiele.info\/HP\/?p=10775\">Rivet Wars: Eastern Front<\/a><br \/>\n<a href=\"http:\/\/www.heimspiele.info\/HP\/?p=21795\">Roar-A-Saurus<\/a><br \/>\n<a href=\"http:\/\/www.heimspiele.info\/HP\/?p=25167\">Rob&#8217;n&#8217;Run<\/a><br \/>\n<a href=\"http:\/\/www.heimspiele.info\/HP\/?p=26832\">Robin Hood and the merry men (Deluxe Edition)<\/a><br \/>\n<a href=\"http:\/\/www.heimspiele.info\/HP\/?p=22608\">Robo Rally (2016)<\/a><\/p>\n<p><strong>[S]<\/strong><br \/>\n<a href=\"http:\/\/www.heimspiele.info\/HP\/?p=22124\">Schwungfedern (In der Welt von Maus&#038;Mystik)<\/a><br \/>\n<a href=\"http:\/\/www.heimspiele.info\/HP\/?p=26152\">Scythe<\/a><br \/>\n<a href=\"http:\/\/www.heimspiele.info\/HP\/?p=26157\">Scythe: Kolosse der L\u00fcfte<\/a><br \/>\n<a href=\"http:\/\/www.heimspiele.info\/HP\/?p=21760\">Seafall<\/a><br \/>\n<a href=\"http:\/\/www.heimspiele.info\/HP\/?p=20116\">Shadows over Normadie: Achtung! Cthulhu<\/a><br \/>\n<a href=\"http:\/\/www.heimspiele.info\/HP\/?p=14322\">Shakespeare<\/a><br \/>\n<a href=\"http:\/\/www.heimspiele.info\/HP\/?p=8668\">Sheriff of Nottingham<\/a><br \/>\n<a href=\"http:\/\/www.heimspiele.info\/HP\/?p=17587\">Signorie<\/a><br \/>\n<a href=\"http:\/\/www.heimspiele.info\/HP\/?p=14175\">Simurgh<\/a><br \/>\n<a href=\"http:\/\/www.heimspiele.info\/HP\/?p=21645\">Sol<\/a><br \/>\n<a href=\"http:\/\/www.heimspiele.info\/HP\/?p=8970\">Space Cadets<\/a><br \/>\n<a href=\"http:\/\/www.heimspiele.info\/HP\/?p=15306\">Space Hawk Starter Set<\/a><br \/>\n<a href=\"http:\/\/www.heimspiele.info\/HP\/?p=21797\">Stadt der Spione: Estoril 1942<\/a><br \/>\n<a href=\"http:\/\/www.heimspiele.info\/HP\/?p=8779\">Stapelei<\/a><br \/>\n<a href=\"http:\/\/www.heimspiele.info\/HP\/?p=22065\">Steam Park: Play Dirty &#038; Robots<\/a><br \/>\n<a href=\"http:\/\/www.heimspiele.info\/HP\/?p=14231\">Steam Time<\/a><br \/>\n<a href=\"http:\/\/www.heimspiele.info\/HP\/?p=30342\">Steampunk Rally FUSION (Atomic Edition)<\/a><br \/>\n<a href=\"http:\/\/www.heimspiele.info\/HP\/?p=13971\">Stinky Business<\/a><br \/>\n<a href=\"http:\/\/www.heimspiele.info\/HP\/?p=26037\">Stone Daze<\/a><\/p>\n<p><strong>[T]<\/strong><br \/>\n<a href=\"http:\/\/www.heimspiele.info\/HP\/?p=15360\">T.I.M.E. Stories<\/a><br \/>\n<a href=\"https:\/\/www.heimspiele.info\/HP\/?p=29067\">Tainted Grail<\/a><br \/>\n<a href=\"http:\/\/www.heimspiele.info\/HP\/?p=28744\">Tapestry<\/a><br \/>\n<a href=\"http:\/\/www.heimspiele.info\/HP\/?p=14539\">Taverna<\/a><br \/>\n<a href=\"https:\/\/www.heimspiele.info\/HP\/?p=30686\">Taxi Derby (KS Deluxe Edition)<\/a><br \/>\n<a href=\"http:\/\/www.heimspiele.info\/HP\/?p=23037\">Terraforming Mars<\/a><br \/>\n<a href=\"http:\/\/www.heimspiele.info\/HP\/?p=21056\">The Arrival<\/a><br \/>\n<a href=\"http:\/\/www.heimspiele.info\/HP\/?p=17133\">The Battle at Kemble&#8217;s Cascade<\/a><br \/>\n<a href=\"http:\/\/www.heimspiele.info\/HP\/?p=25189\">The Captain is dead<\/a><br \/>\n<a href=\"http:\/\/www.heimspiele.info\/HP\/?p=21560\">The Exiled Siege<\/a><br \/>\n<a href=\"https:\/\/www.heimspiele.info\/HP\/?p=31279\">The Great Wall<\/a><br \/>\n<a href=\"http:\/\/www.heimspiele.info\/HP\/?p=25185\">The Master&#8217;s Trials<\/a><br \/>\n<a href=\"http:\/\/www.heimspiele.info\/HP\/?p=14390\">The Oath of the Brotherhood<\/a><br \/>\n<a href=\"http:\/\/www.heimspiele.info\/HP\/?p=14762\">The Prodigals Club<\/a><br \/>\n<a href=\"http:\/\/www.heimspiele.info\/HP\/?p=25966\">The Rise of Queensdale<\/a><br \/>\n<a href=\"http:\/\/www.heimspiele.info\/HP\/?p=14043\">The Tower<\/a><br \/>\n<a href=\"http:\/\/www.heimspiele.info\/HP\/?p=21205\">The Village Crone<\/a><br \/>\n<a href=\"http:\/\/www.heimspiele.info\/HP\/?p=11993\">The Witcher &#8211; Adventure Game<\/a><br \/>\n<a href=\"http:\/\/www.heimspiele.info\/HP\/?p=21180\">Touria<\/a><br \/>\n<a href=\"http:\/\/www.heimspiele.info\/HP\/?p=11517\">Trains &#038; Stations<\/a><br \/>\n<a href=\"http:\/\/www.heimspiele.info\/HP\/?p=14467\">Trickerion (inkl. Erweiterung)<\/a><br \/>\n<a href=\"http:\/\/www.heimspiele.info\/HP\/?p=8653\">Triominos Turbo<\/a><br \/>\n<a href=\"http:\/\/www.heimspiele.info\/HP\/?p=10053\">Tschakka Lakka<\/a><br \/>\n<a href=\"http:\/\/www.heimspiele.info\/HP\/?p=13748\">Tumult Royal<\/a><\/p>\n<p><strong>[U]<\/strong><br \/>\n<a href=\"http:\/\/www.heimspiele.info\/HP\/?p=21178\">Ulm<\/a><br \/>\n<a href=\"http:\/\/www.heimspiele.info\/HP\/?p=14759\">Ultimate Warriorz<\/a><br \/>\n<a href=\"http:\/\/www.heimspiele.info\/HP\/?p=25180\">Unicornus Knights<\/a><\/p>\n<p><strong>[V]<\/strong><br \/>\n<a href=\"http:\/\/www.heimspiele.info\/HP\/?p=21931\">V-Commandos<\/a><br \/>\n<a href=\"http:\/\/www.heimspiele.info\/HP\/?p=20648\">Via Nebula<\/a><br \/>\n<a href=\"http:\/\/www.heimspiele.info\/HP\/?p=24645\">Viral<\/a><br \/>\n<a href=\"http:\/\/www.heimspiele.info\/HP\/?p=10226\">Viticulture (2nd Edition)<\/a><\/p>\n<p><strong>[W]<\/strong><br \/>\n<a href=\"http:\/\/www.heimspiele.info\/HP\/?p=29161\">Wasserkraft<\/a><br \/>\n<a href=\"http:\/\/www.heimspiele.info\/HP\/?p=8776\">Wer bin ich?<\/a><br \/>\n<a href=\"http:\/\/www.heimspiele.info\/HP\/?p=10113\">Winter der Toten<\/a><br \/>\n<a href=\"http:\/\/www.heimspiele.info\/HP\/?p=22122\">Winter der Toten: Die lange Nacht<\/a><br \/>\n<a href=\"http:\/\/www.heimspiele.info\/HP\/?p=25971\">Woodlands<\/a><br \/>\n<a href=\"http:\/\/www.heimspiele.info\/HP\/?p=8781\">W\u00fcrfel KungFu<\/a><\/p>\n<p><strong>[X]<\/strong><br \/>\n<a href=\"http:\/\/www.heimspiele.info\/HP\/?p=11996\">X-COM &#8211; Das Brettspiel<\/a><br \/>\n<a href=\"http:\/\/www.heimspiele.info\/HP\/?p=17267\">Xia &#8211; Legends of a Drift System<\/a><br \/>\n<a href=\"http:\/\/www.heimspiele.info\/HP\/?p=15379\">Xenoshyft: Onslaught<\/a><\/p>\n<p><strong>[Y]<\/strong><\/p>\n<p><strong>[Z]<\/strong><br \/>\n<a href=\"https:\/\/www.heimspiele.info\/HP\/?p=30942\">Zapotec<\/a><br \/>\n<a href=\"http:\/\/www.heimspiele.info\/HP\/?p=11520\">Zombicide &#8211; Prison Outbreak (Season 2)<\/a><br \/>\n<a href=\"http:\/\/www.heimspiele.info\/HP\/?p=11150\">Zombie 15&#8242;<\/a><br \/>\n<a href=\"http:\/\/www.heimspiele.info\/HP\/?p=8680\">Zombie Mania<\/a><br \/>\n<a href=\"http:\/\/www.heimspiele.info\/HP\/?p=17657\">Zombie Tower 3D<\/a><\/p>\n<p>Z\u00e4hler: <strong>232<\/strong><\/p>\n","protected":false},"excerpt":{"rendered":"<p>In dieser Rubrik m\u00f6chten wir nur einen schnellen \u00dcberblick \u00fcber neue Spiele geben, d.h. es wird ausgepackt und [&hellip;]<\/p>\n","protected":false},"author":1,"featured_media":0,"parent":0,"menu_order":0,"comment_status":"open","ping_status":"open","template":"","meta":{"_bbp_topic_count":0,"_bbp_reply_count":0,"_bbp_total_topic_count":0,"_bbp_total_reply_count":0,"_bbp_voice_count":0,"_bbp_anonymous_reply_count":0,"_bbp_topic_count_hidden":0,"_bbp_reply_count_hidden":0,"_bbp_forum_subforum_count":0,"ngg_post_thumbnail":0,"footnotes":""},"class_list":["post-8128","page","type-page","status-publish","hentry"],"_links":{"self":[{"href":"https:\/\/www.heimspiele.info\/index.php?rest_route=\/wp\/v2\/pages\/8128","targetHints":{"allow":["GET"]}}],"collection":[{"href":"https:\/\/www.heimspiele.info\/index.php?rest_route=\/wp\/v2\/pages"}],"about":[{"href":"https:\/\/www.heimspiele.info\/index.php?rest_route=\/wp\/v2\/types\/page"}],"author":[{"embeddable":true,"href":"https:\/\/www.heimspiele.info\/index.php?rest_route=\/wp\/v2\/users\/1"}],"replies":[{"embeddable":true,"href":"https:\/\/www.heimspiele.info\/index.php?rest_route=%2Fwp%2Fv2%2Fcomments&post=8128"}],"version-history":[{"count":164,"href":"https:\/\/www.heimspiele.info\/index.php?rest_route=\/wp\/v2\/pages\/8128\/revisions"}],"predecessor-version":[{"id":38593,"href":"https:\/\/www.heimspiele.info\/index.php?rest_route=\/wp\/v2\/pages\/8128\/revisions\/38593"}],"wp:attachment":[{"href":"https:\/\/www.heimspiele.info\/index.php?rest_route=%2Fwp%2Fv2%2Fmedia&parent=8128"}],"curies":[{"name":"wp","href":"https:\/\/api.w.org\/{rel}","templated":true}]}}