{"id":24347,"date":"2017-09-03T12:38:28","date_gmt":"2017-09-03T10:38:28","guid":{"rendered":"http:\/\/www.heimspiele.info\/HP\/?page_id=24347"},"modified":"2025-01-29T18:57:20","modified_gmt":"2025-01-29T16:57:20","slug":"kennzeichnungspflicht","status":"publish","type":"page","link":"https:\/\/www.heimspiele.info\/?page_id=24347","title":{"rendered":"Kennzeichnungspflicht"},"content":{"rendered":"<p>Heimspiele.info testet Spiele nach eigenem Ermessen. Es wird die <strong>eigene Meinung<\/strong>, positiv wie negativ, beschrieben und ver\u00f6ffentlicht.<br \/>\nEs werden hierzu selbstgekaufte, wie auch von Verlagen (gratis oder erm\u00e4\u00dfigt)<a href=\"http:\/\/www.heimspiele.info\/HP\/?page_id=763\" target=\"_blank\">\u00fcberlassene Spiele<\/a>, kritisch getestet. Es wird nichts bezahlt oder sonst in irgendeiner weiteren Weise beeinflusst, z.B. durch Vorgaben, wie ein Test auszusehen hat. <\/p>\n<p>In der Regel wird auch jegliches im Testartikel verwendete Material selbst erstellt (Texte, Fotos, Grafiken)! Es kann vorkommen, dass (im <a href=\"http:\/\/www.heimspiele.info\/PC\/\" target=\"_blank\">Videospiele-Bereich<\/a>) manche Grafiken (Zeichnungen, Screenshots), aus Zeitgr\u00fcnden oder das Erstellen derselben (bei Konsolen) nicht ohne weiteres m\u00f6glich ist, \u00fcbernommen werden.<\/p>\n<p>Heimspiele.info war, ist und bleibt Deutschlands einzige kommerzfreie Plattform, da hier keine Bezahlungen &#8222;fliessen&#8220; und keinerlei virtuelle Werbung in Form von Bannern, Links, Z\u00e4hlern, Cookies, usw. geschaltet wird!<\/p>\n<p>Generell gilt aber der Hinweis, dass <strong>manche Artikel Werbung enthalten k\u00f6nnen<\/strong>, wenn der Leser die Meinung des Rezensenten, als solche wahrnimmt, z.B. bei besonders positiver Meinung zu einem Spiel.<\/p>\n","protected":false},"excerpt":{"rendered":"<p>Heimspiele.info testet Spiele nach eigenem Ermessen. Es wird die eigene Meinung, positiv wie negativ, beschrieben und ver\u00f6ffentlicht. Es [&hellip;]<\/p>\n","protected":false},"author":1,"featured_media":0,"parent":0,"menu_order":0,"comment_status":"closed","ping_status":"closed","template":"","meta":{"_bbp_topic_count":0,"_bbp_reply_count":0,"_bbp_total_topic_count":0,"_bbp_total_reply_count":0,"_bbp_voice_count":0,"_bbp_anonymous_reply_count":0,"_bbp_topic_count_hidden":0,"_bbp_reply_count_hidden":0,"_bbp_forum_subforum_count":0,"ngg_post_thumbnail":0,"footnotes":""},"class_list":["post-24347","page","type-page","status-publish","hentry"],"_links":{"self":[{"href":"https:\/\/www.heimspiele.info\/index.php?rest_route=\/wp\/v2\/pages\/24347","targetHints":{"allow":["GET"]}}],"collection":[{"href":"https:\/\/www.heimspiele.info\/index.php?rest_route=\/wp\/v2\/pages"}],"about":[{"href":"https:\/\/www.heimspiele.info\/index.php?rest_route=\/wp\/v2\/types\/page"}],"author":[{"embeddable":true,"href":"https:\/\/www.heimspiele.info\/index.php?rest_route=\/wp\/v2\/users\/1"}],"replies":[{"embeddable":true,"href":"https:\/\/www.heimspiele.info\/index.php?rest_route=%2Fwp%2Fv2%2Fcomments&post=24347"}],"version-history":[{"count":4,"href":"https:\/\/www.heimspiele.info\/index.php?rest_route=\/wp\/v2\/pages\/24347\/revisions"}],"predecessor-version":[{"id":37940,"href":"https:\/\/www.heimspiele.info\/index.php?rest_route=\/wp\/v2\/pages\/24347\/revisions\/37940"}],"wp:attachment":[{"href":"https:\/\/www.heimspiele.info\/index.php?rest_route=%2Fwp%2Fv2%2Fmedia&parent=24347"}],"curies":[{"name":"wp","href":"https:\/\/api.w.org\/{rel}","templated":true}]}}