{"id":104,"date":"2013-05-01T14:43:41","date_gmt":"2013-05-01T12:43:41","guid":{"rendered":"http:\/\/www.heimspiele.info\/HP\/?page_id=104"},"modified":"2020-10-11T00:32:27","modified_gmt":"2020-10-10T22:32:27","slug":"schnappchen","status":"publish","type":"page","link":"https:\/\/www.heimspiele.info\/?page_id=104","title":{"rendered":"Schn\u00e4ppchen"},"content":{"rendered":"<p>Hier werden regelm\u00e4\u00dfig Spiele-Schnapperl gelistet, neben Links, die sich eh schon damit besch\u00e4ftigen!<\/p>\n<p><strong>Aktuelle Aktionen:<\/strong><br \/>\n&#8211;<\/p>\n<p>&nbsp;<br \/>\n<\/p>\n<p><span style=\"text-decoration: underline;\">Regelm\u00e4\u00dfige Infos:<\/span><\/p>\n<p><a href=\"http:\/\/www.spielesparer.de\/\" target=\"_blank\" rel=\"noopener noreferrer\"><strong>Spielsparer.de<\/strong><\/a><\/p>\n<p><a title=\"BGG\" href=\"http:\/\/www.boardgamegeek.com\/thread\/396615\/spiele-schnappchen-im-www-oder-im-rhein-main-gebie\/page\/1\" target=\"_blank\" rel=\"noopener noreferrer\"><strong>BGG-Sammelthread<\/strong><\/a><\/p>\n<p><a title=\"Milan\" href=\"http:\/\/www.milan-spiele.de\/angebote-c-103.html?osCsid=ktqkmb2n45sjjna8cd48rpjlm2\" target=\"_blank\" rel=\"noopener noreferrer\"><strong>Angebote MilanSpiele<\/strong><\/a><\/p>\n<p><a title=\"SO\" href=\"https:\/\/www.spiele-offensive.de\/Kat\/Sonderangebote.html\" target=\"_blank\" rel=\"noopener noreferrer\"><strong>Angebote Spiele-Offensive<\/strong><\/a><\/p>\n<p><a title=\"AG4U\" href=\"http:\/\/www.allgames4you.de\/epages\/AllGames4you.sf\/de_DE\/?ViewAction=View&#038;ObjectPath=\/Shops\/AllGames4you\/Categories\/SpecialOffers&#038;PageSize=50&#038;Page=1\" target=\"_blank\" rel=\"noopener noreferrer\"><strong>AllGames4you-Angebote<\/strong><\/a><\/p>\n<p><a title=\"Amazon\" href=\"http:\/\/www.amazon.de\/s\/ref=s9_hps_bw_clnk?__mk_de_DE=%C5M%C5Z%D5%D1&amp;node=672564011,360469031&amp;page=1&amp;bbn=672564011&amp;pf_rd_m=A3JWKAKR8XB7XF&amp;pf_rd_s=merchandised-search-7&amp;pf_rd_r=3526EA464850401E8549&amp;pf_rd_t=101&amp;pf_rd_p=295945287&amp;pf_rd_i=360469031\" target=\"_blank\" rel=\"noopener noreferrer\"><strong>Amazon.de<\/strong><\/a><\/p>\n<p><a title=\"buecher.de\" href=\"http:\/\/www.buecher.de\/show\/start\/spielwaren\/preishits\/227317\/\" target=\"_blank\" rel=\"noopener noreferrer\"><strong>Buecher.de<\/strong><\/a><\/p>\n<p><a href=\"http:\/\/www.buch.de\/shop\/spielwaren-preishits-unter-zehn\/show\/;jsessionid=F5E15B49709F4548AA861B11FA26AC98.tc1p?flyout=b_Spielwaren_Spielwaren+unter+10+Euro&#038;hkkat=gesellschaftsspiel\" target=\"_blank\" rel=\"noopener noreferrer\"><strong>Buch.de<\/strong><\/a><\/p>\n<p><a href=\"http:\/\/www.spieltraum-shop.de\/angebot\" target=\"_blank\" rel=\"noopener noreferrer\"><strong>Spieltraum &#8211; Angebote<\/strong><\/a><\/p>\n<p><a href=\"http:\/\/de.camelcamelcamel.com\/\" target=\"_blank\" rel=\"noopener noreferrer\"><strong>CamelCamelCamel &#8211; PriceWatcher<\/strong><\/a><\/p>\n<p><a href=\"http:\/\/brettspielpreise.de\/\" target=\"_blank\" rel=\"noopener noreferrer\"><strong>Brettspielpreise<\/strong><\/a><\/p>\n<p><a title=\"Weltbild\" href=\"http:\/\/www.weltbild.de\/1\/w2257\/unsere-spielwaren-preishits-der-woche.html\" target=\"_blank\" rel=\"noopener noreferrer\"><strong>Weltbild<\/strong><\/a><\/p>\n<p><a href=\"http:\/\/www.fantasywelt.de\/specials.php\" target=\"_blank\" rel=\"noopener noreferrer\"><strong>Fantasy World<\/strong><\/a><\/p>\n<p><a href=\"http:\/\/www.spielgilde.de\/angebote\/\" target=\"_blank\" rel=\"noopener noreferrer\"><strong>Spielgilde<\/strong><\/a><\/p>\n<p><a href=\"http:\/\/www.shop4de.com\/special-offers\/board-games-and-card-games\" target=\"_blank\" rel=\"noopener noreferrer\"><strong>Shop4<\/strong><\/a><\/p>\n<p><a href=\"http:\/\/www.fantasy-in.de\/shop\/shop1prodlist.html?flag=SP\" target=\"_blank\" rel=\"noopener noreferrer\"><strong>Fantasy-In &#8211; Angebote<\/strong><\/a><\/p>\n<p><a href=\"http:\/\/www.brettspielsuche.de\/\" target=\"_blank\" rel=\"noopener noreferrer\"><strong>Brettspielsuche<\/strong><\/a><\/p>\n","protected":false},"excerpt":{"rendered":"<p>Hier werden regelm\u00e4\u00dfig Spiele-Schnapperl gelistet, neben Links, die sich eh schon damit besch\u00e4ftigen! Aktuelle Aktionen: &#8211; &nbsp; Regelm\u00e4\u00dfige [&hellip;]<\/p>\n","protected":false},"author":1,"featured_media":0,"parent":0,"menu_order":0,"comment_status":"open","ping_status":"open","template":"","meta":{"_bbp_topic_count":0,"_bbp_reply_count":0,"_bbp_total_topic_count":0,"_bbp_total_reply_count":0,"_bbp_voice_count":0,"_bbp_anonymous_reply_count":0,"_bbp_topic_count_hidden":0,"_bbp_reply_count_hidden":0,"_bbp_forum_subforum_count":0,"ngg_post_thumbnail":0,"footnotes":""},"class_list":["post-104","page","type-page","status-publish","hentry"],"_links":{"self":[{"href":"https:\/\/www.heimspiele.info\/index.php?rest_route=\/wp\/v2\/pages\/104","targetHints":{"allow":["GET"]}}],"collection":[{"href":"https:\/\/www.heimspiele.info\/index.php?rest_route=\/wp\/v2\/pages"}],"about":[{"href":"https:\/\/www.heimspiele.info\/index.php?rest_route=\/wp\/v2\/types\/page"}],"author":[{"embeddable":true,"href":"https:\/\/www.heimspiele.info\/index.php?rest_route=\/wp\/v2\/users\/1"}],"replies":[{"embeddable":true,"href":"https:\/\/www.heimspiele.info\/index.php?rest_route=%2Fwp%2Fv2%2Fcomments&post=104"}],"version-history":[{"count":82,"href":"https:\/\/www.heimspiele.info\/index.php?rest_route=\/wp\/v2\/pages\/104\/revisions"}],"predecessor-version":[{"id":29254,"href":"https:\/\/www.heimspiele.info\/index.php?rest_route=\/wp\/v2\/pages\/104\/revisions\/29254"}],"wp:attachment":[{"href":"https:\/\/www.heimspiele.info\/index.php?rest_route=%2Fwp%2Fv2%2Fmedia&parent=104"}],"curies":[{"name":"wp","href":"https:\/\/api.w.org\/{rel}","templated":true}]}}