{"id":2472,"date":"2015-06-23T15:01:44","date_gmt":"2015-06-23T15:01:44","guid":{"rendered":"http:\/\/www.heimspiele.info\/PC\/?page_id=2472"},"modified":"2015-06-23T15:09:36","modified_gmt":"2015-06-23T15:09:36","slug":"schnappchen","status":"publish","type":"page","link":"https:\/\/www.heimspiele.info\/PC\/?page_id=2472","title":{"rendered":"Schn\u00e4ppchen"},"content":{"rendered":"<p>Hier werden Quellen gelistet, die \u00fcber aktuelle Schn\u00e4ppchen f\u00fcr PC- und Videospiele berichten und \u00fcber aktuelle Aktionen berichtet!<\/p>\n<p><strong>GameStar-Schn\u00e4ppchen-Thread:<\/strong> <a href=\"http:\/\/www.gamestar.de\/community\/gspinboard\/showthread.php?t=423661\" target=\"_blank\">http:\/\/www.gamestar.de\/community\/gspinboard\/showthread.php?t=423661<\/a><\/p>\n<p><strong>ComputerBase-Schn\u00e4ppchen-Thread:<\/strong> <a href=\"http:\/\/www.computerbase.de\/forum\/showthread.php?t=1479813\" target=\"_blank\">http:\/\/www.computerbase.de\/forum\/showthread.php?t=1479813<\/a><\/p>\n<p><strong>GamePro-Schn\u00e4ppchen-Thread:<\/strong> <a href=\"http:\/\/www.gamepro.de\/community\/gppinboard\/showthread.php?14634-Schn%E4ppchen-Thread-f%FCr-Spiele-Konsolen-und-Zubeh%F6r\" target=\"_blank\">http:\/\/www.gamepro.de\/community\/gppinboard\/showthread.php?14634-Schn%E4ppchen-Thread-f%FCr-Spiele-Konsolen-und-Zubeh%F6r<\/a><\/p>\n<p><strong>PCGames-Schn\u00e4ppchen-Thread:<\/strong> <a href=\"http:\/\/forum.pcgames.de\/videospiele-allgemein\/4206574-software-pyramide-schnaeppchen-zum-budget-und-andere-angebote.html\" target=\"_blank\">http:\/\/forum.pcgames.de\/videospiele-allgemein\/4206574-software-pyramide-schnaeppchen-zum-budget-und-andere-angebote.html<\/a><\/p>\n<p>[Stand: 23.06.2015]<\/p>\n","protected":false},"excerpt":{"rendered":"<p>Hier werden Quellen gelistet, die \u00fcber aktuelle Schn\u00e4ppchen f\u00fcr PC- und Videospiele berichten und \u00fcber aktuelle Aktionen berichtet! GameStar-Schn\u00e4ppchen-Thread: http:\/\/www.gamestar.de\/community\/gspinboard\/showthread.php?t=423661 ComputerBase-Schn\u00e4ppchen-Thread: http:\/\/www.computerbase.de\/forum\/showthread.php?t=1479813 GamePro-Schn\u00e4ppchen-Thread: http:\/\/www.gamepro.de\/community\/gppinboard\/showthread.php?14634-Schn%E4ppchen-Thread-f%FCr-Spiele-Konsolen-und-Zubeh%F6r PCGames-Schn\u00e4ppchen-Thread: http:\/\/forum.pcgames.de\/videospiele-allgemein\/4206574-software-pyramide-schnaeppchen-zum-budget-und-andere-angebote.html [Stand: 23.06.2015]<\/p>\n","protected":false},"author":1,"featured_media":0,"parent":0,"menu_order":0,"comment_status":"open","ping_status":"open","template":"","meta":{"ngg_post_thumbnail":0,"footnotes":""},"class_list":["post-2472","page","type-page","status-publish","hentry"],"_links":{"self":[{"href":"https:\/\/www.heimspiele.info\/PC\/index.php?rest_route=\/wp\/v2\/pages\/2472","targetHints":{"allow":["GET"]}}],"collection":[{"href":"https:\/\/www.heimspiele.info\/PC\/index.php?rest_route=\/wp\/v2\/pages"}],"about":[{"href":"https:\/\/www.heimspiele.info\/PC\/index.php?rest_route=\/wp\/v2\/types\/page"}],"author":[{"embeddable":true,"href":"https:\/\/www.heimspiele.info\/PC\/index.php?rest_route=\/wp\/v2\/users\/1"}],"replies":[{"embeddable":true,"href":"https:\/\/www.heimspiele.info\/PC\/index.php?rest_route=%2Fwp%2Fv2%2Fcomments&post=2472"}],"version-history":[{"count":3,"href":"https:\/\/www.heimspiele.info\/PC\/index.php?rest_route=\/wp\/v2\/pages\/2472\/revisions"}],"predecessor-version":[{"id":2479,"href":"https:\/\/www.heimspiele.info\/PC\/index.php?rest_route=\/wp\/v2\/pages\/2472\/revisions\/2479"}],"wp:attachment":[{"href":"https:\/\/www.heimspiele.info\/PC\/index.php?rest_route=%2Fwp%2Fv2%2Fmedia&parent=2472"}],"curies":[{"name":"wp","href":"https:\/\/api.w.org\/{rel}","templated":true}]}}